{"id":13,"date":"2025-03-18T23:19:19","date_gmt":"2025-03-18T22:19:19","guid":{"rendered":"https:\/\/tudastar.productbroker.hu\/?page_id=13"},"modified":"2025-06-13T15:55:56","modified_gmt":"2025-06-13T13:55:56","slug":"a-tudatos-vasarlok-es-a-borfogyasztas","status":"publish","type":"page","link":"https:\/\/tudastar.productbroker.hu\/hu\/a-tudatos-vasarlok-es-a-borfogyasztas\/","title":{"rendered":"A tudatos v\u00e1s\u00e1rl\u00f3k \u00e9s a borfogyaszt\u00e1s"},"content":{"rendered":"<div data-elementor-type=\"wp-page\" data-elementor-id=\"13\" class=\"elementor elementor-13\" data-elementor-post-type=\"page\">\n\t\t\t\t<div class=\"elementor-element elementor-element-febe8b3 e-con-full e-flex e-con e-parent\" data-id=\"febe8b3\" data-element_type=\"container\" data-e-type=\"container\">\n\t\t\t\t<div class=\"elementor-element elementor-element-fb58522 elementor-widget elementor-widget-shortcode\" data-id=\"fb58522\" data-element_type=\"widget\" data-e-type=\"widget\" data-widget_type=\"shortcode.default\">\n\t\t\t\t<div class=\"elementor-widget-container\">\n\t\t\t\t\t\t\t<div class=\"elementor-shortcode\">\t\t<div data-elementor-type=\"section\" data-elementor-id=\"247\" class=\"elementor elementor-247\" data-elementor-post-type=\"elementor_library\">\n\t\t\t<div class=\"elementor-element elementor-element-4d1257a e-flex e-con-boxed e-con e-parent\" data-id=\"4d1257a\" data-element_type=\"container\" data-e-type=\"container\">\n\t\t\t\t\t<div class=\"e-con-inner\">\n\t\t\t\t\t<\/div>\n\t\t\t\t<\/div>\n\t\t\t\t<\/div>\n\t\t<\/div>\n\t\t\t\t\t\t<\/div>\n\t\t\t\t<\/div>\n\t\t\t\t<\/div>\n\t\t<div class=\"elementor-element elementor-element-4d7f8faf e-flex e-con-boxed e-con e-parent\" data-id=\"4d7f8faf\" data-element_type=\"container\" data-e-type=\"container\">\n\t\t\t\t\t<div class=\"e-con-inner\">\n\t\t\t\t<div class=\"elementor-element elementor-element-117c09c elementor-widget elementor-widget-heading\" data-id=\"117c09c\" data-element_type=\"widget\" data-e-type=\"widget\" data-widget_type=\"heading.default\">\n\t\t\t\t<div class=\"elementor-widget-container\">\n\t\t\t\t\t<h2 class=\"elementor-heading-title elementor-size-default\">Ha keveset tud a borokr&oacute;l<\/h2>\t\t\t\t<\/div>\n\t\t\t\t<\/div>\n\t\t\t\t<div class=\"elementor-element elementor-element-a9f40d5 elementor-widget elementor-widget-heading\" data-id=\"a9f40d5\" data-element_type=\"widget\" data-e-type=\"widget\" data-widget_type=\"heading.default\">\n\t\t\t\t<div class=\"elementor-widget-container\">\n\t\t\t\t\t<h3 class=\"elementor-heading-title elementor-size-default\">A sz&#337;l&eacute;szet, a bor&aacute;szat olyan szakm&aacute;k, amiket eredm&eacute;nyesen csak nagy elhivatotts&aacute;ggal, komoly hozz&aacute;&eacute;rt&eacute;ssel &eacute;s al&aacute;zattal lehet eredm&eacute;nyesen m&#369;velni.<\/h3>\t\t\t\t<\/div>\n\t\t\t\t<\/div>\n\t\t\t\t<div class=\"elementor-element elementor-element-2ae6e420 elementor-widget elementor-widget-text-editor\" data-id=\"2ae6e420\" data-element_type=\"widget\" data-e-type=\"widget\" data-widget_type=\"text-editor.default\">\n\t\t\t\t<div class=\"elementor-widget-container\">\n\t\t\t\t\t\t\t\t\t\n<p>Ez a kis &ouml;sszefoglal&oacute; nem a szakma k&eacute;pvisel&#337;inek, hanem az &#337; munk&aacute;juk eredm&eacute;nyeit &eacute;lvez&#337; borfogyaszt&oacute;knak sz&oacute;l, esetenk&eacute;nt konyhanyelven &ouml;sszefoglalva p&aacute;r olyan tudnival&oacute;t, amikkel nem &aacute;rt, ha fogyaszt&oacute;i oldalon is tiszt&aacute;ban vagyunk. Sz&oacute;val nem szakm&aacute;zni akarunk (azt hagyjuk a szakembereknek), hanem csak kis &aacute;ttekint&eacute;st szeretn&eacute;nk adni borvid&eacute;kekr&#337;l, sz&#337;l&#337;fajt&aacute;kr&oacute;l, bork&eacute;sz&iacute;t&eacute;si technol&oacute;gi&aacute;kr&oacute;l, rem&eacute;lve, hogy egyre ritk&aacute;bban kell belefutni a &bdquo;v&ouml;r&ouml;sbor k&oacute;l&aacute;val&rdquo; l&aacute;tv&aacute;ny&aacute;ba. Fontos c&eacute;lunk, hogy a fogyaszt&oacute;i oldalon az&nbsp;<span class=\"glossaryLink\"  aria-describedby=\"tt\"  data-cmtooltip=\"cmtt_4ac27eb591d65a7f243f3c03556e658d\"  data-gt-translate-attributes='[{\"attribute\":\"data-cmtooltip\", \"format\":\"html\"}]'  tabindex='0' role='link'>e-c&iacute;mke PLUSZ<\/span>&nbsp;m&ouml;g&ouml;tt megjelen&#337; kieg&eacute;sz&iacute;t&#337; inform&aacute;ci&oacute;k &eacute;rtelmez&eacute;s&eacute;ben seg&iacute;teni tudjunk annak a vev&#337;k&ouml;rnek, akik egyre nagyobb sz&aacute;mban alkotj&aacute;k a tudatos v&aacute;s&aacute;rl&oacute;k k&ouml;r&eacute;t. H&aacute;t l&aacute;ssuk.<\/p>\n\n<p>A bor&aacute;szat a bor k&eacute;sz&iacute;t&eacute;se, kezel&eacute;se, fejl&#337;d&eacute;se &eacute;s a stabiliz&aacute;ci&oacute;ja sor&aacute;n v&eacute;gbemen&#337; fizikai, k&eacute;miai, biol&oacute;giai folyamatokra vonatkoz&oacute; ismeretek rendszere.<\/p>\n\n<p>Miut&aacute;n alapanyaga a sz&#337;l&#337;, ennek j&oacute; min&#337;s&eacute;gben t&ouml;rt&eacute;n&#337; el&#337;&aacute;ll&iacute;t&aacute;sa &ndash; b&aacute;r &ouml;n&aacute;ll&oacute; szakter&uuml;let &ndash; a bor&aacute;szatt&oacute;l elv&aacute;laszthatatlan, &iacute;gy a bor&aacute;szati tev&eacute;kenys&eacute;gek &aacute;ttekint&eacute;se sor&aacute;n a sz&#337;l&eacute;szet nem kihagyhat&oacute;, azaz a bork&eacute;sz&iacute;t&eacute;sben a sz&#337;l&#337; megm&#369;vel&eacute;se a bor&aacute;szati munk&aacute;kkal &ouml;sszem&eacute;rhet&#337; fontoss&aacute;ggal b&iacute;r, hiszen mindkett&#337; meghat&aacute;roz&oacute;an befoly&aacute;solja a bor term&eacute;szet&eacute;t.<\/p>\n\t\t\t\t\t\t\t\t<\/div>\n\t\t\t\t<\/div>\n\t\t\t\t\t<\/div>\n\t\t\t\t<\/div>\n\t\t<div class=\"elementor-element elementor-element-846bb22 e-flex e-con-boxed e-con e-parent\" data-id=\"846bb22\" data-element_type=\"container\" data-e-type=\"container\">\n\t\t\t\t\t<div class=\"e-con-inner\">\n\t\t\t\t<div class=\"elementor-element elementor-element-5b315a4 elementor-widget elementor-widget-upk-alex-grid\" data-id=\"5b315a4\" data-element_type=\"widget\" data-e-type=\"widget\" data-widget_type=\"upk-alex-grid.default\">\n\t\t\t\t<div class=\"elementor-widget-container\">\n\t\t\t\t\t\n\t\t<div class=\"upk-alex-grid upk-ajax-grid\" data-loadmore=\"[]\">\n\t\t\t<div class=\"upk-alex-wrap upk-ajax-grid-wrap upk-content-left upk-style-2\">\n\n\t\t\t\t\n\t\t\t\t\t\t\t<div class=\"upk-item\">\n\t\t\t<div class=\"upk-image-wrap\">\n\t\t\t\t<img fetchpriority=\"high\" decoding=\"async\" width=\"768\" height=\"512\" src=\"https:\/\/tudastar.productbroker.hu\/wp-content\/uploads\/2025\/03\/bortipusok-768x512.webp\" class=\"upk-img\" alt=\"Bort&iacute;pusok &eacute;s k&eacute;sz&iacute;t&eacute;s&uuml;k\" srcset=\"https:\/\/tudastar.productbroker.hu\/wp-content\/uploads\/2025\/03\/bortipusok-768x512.webp 768w, https:\/\/tudastar.productbroker.hu\/wp-content\/uploads\/2025\/03\/bortipusok-300x200.webp 300w, https:\/\/tudastar.productbroker.hu\/wp-content\/uploads\/2025\/03\/bortipusok-1024x683.webp 1024w, https:\/\/tudastar.productbroker.hu\/wp-content\/uploads\/2025\/03\/bortipusok.webp 1280w\" sizes=\"(max-width: 768px) 100vw, 768px\"\/><div class=\"upk-content-wrap\">\n\n\t\t\t\t\t<div class=\"upk-content\">\n\t\t\t\t\t\t\t\t\t\t\t\t<h3 class=\"upk-title\"><a href=\"https:\/\/tudastar.productbroker.hu\/hu\/bortipusok-es-keszitesuk\/\" title=\"Bort&iacute;pusok &eacute;s k&eacute;sz&iacute;t&eacute;s&uuml;k\" class=\"title-animation-\" aria-label=\"Bort&iacute;pusok &eacute;s k&eacute;sz&iacute;t&eacute;s&uuml;k\">Bort&iacute;pusok &eacute;s k&eacute;sz&iacute;t&eacute;s&uuml;k<\/a><\/h3>\t\t\t\t\t<\/div>\n\n\t\t\t\t\t\t\t<div class=\"upk-button-wrap\">\n\t\t\t<a href=\"https:\/\/tudastar.productbroker.hu\/hu\/bortipusok-es-keszitesuk\/\" class=\"upk-readmore\" aria-label=\"Read More Button\">\n\t\t\t\t<span class=\"upk-readmore-icon\"><span><\/span><\/span>\n\t\t\t<\/a>\n\t\t<\/div>\n\t\n\t\t\t\t<\/div>\n\t\t\t<\/div>\n\t\t<\/div>\n\t\n\t\t\t\t\n\t\t\t\t\t\t\t<div class=\"upk-item\">\n\t\t\t<div class=\"upk-image-wrap\">\n\t\t\t\t<img decoding=\"async\" width=\"768\" height=\"528\" src=\"https:\/\/tudastar.productbroker.hu\/wp-content\/uploads\/2025\/03\/borvidekek-Magyaroroszagon-768x528.webp\" class=\"upk-img\" alt=\"Term&#337;helyek, borvid&eacute;kek\" srcset=\"https:\/\/tudastar.productbroker.hu\/wp-content\/uploads\/2025\/03\/borvidekek-Magyaroroszagon-768x528.webp 768w, https:\/\/tudastar.productbroker.hu\/wp-content\/uploads\/2025\/03\/borvidekek-Magyaroroszagon-300x206.webp 300w, https:\/\/tudastar.productbroker.hu\/wp-content\/uploads\/2025\/03\/borvidekek-Magyaroroszagon-1024x703.webp 1024w, https:\/\/tudastar.productbroker.hu\/wp-content\/uploads\/2025\/03\/borvidekek-Magyaroroszagon.webp 1156w\" sizes=\"(max-width: 768px) 100vw, 768px\"\/><div class=\"upk-content-wrap\">\n\n\t\t\t\t\t<div class=\"upk-content\">\n\t\t\t\t\t\t\t\t\t\t\t\t<h3 class=\"upk-title\"><a href=\"https:\/\/tudastar.productbroker.hu\/hu\/termohelyek-borvidekek\/\" title=\"Term&#337;helyek, borvid&eacute;kek\" class=\"title-animation-\" aria-label=\"Term&#337;helyek, borvid&eacute;kek\">Term&#337;helyek, borvid&eacute;kek<\/a><\/h3>\t\t\t\t\t<\/div>\n\n\t\t\t\t\t\t\t<div class=\"upk-button-wrap\">\n\t\t\t<a href=\"https:\/\/tudastar.productbroker.hu\/hu\/termohelyek-borvidekek\/\" class=\"upk-readmore\" aria-label=\"Read More Button\">\n\t\t\t\t<span class=\"upk-readmore-icon\"><span><\/span><\/span>\n\t\t\t<\/a>\n\t\t<\/div>\n\t\n\t\t\t\t<\/div>\n\t\t\t<\/div>\n\t\t<\/div>\n\t\n\t\t\t\t\n\t\t\t\t\t\t\t<div class=\"upk-item\">\n\t\t\t<div class=\"upk-image-wrap\">\n\t\t\t\t<img decoding=\"async\" width=\"768\" height=\"512\" src=\"https:\/\/tudastar.productbroker.hu\/wp-content\/uploads\/2025\/06\/szolofajtak-768x512.webp\" class=\"upk-img\" alt=\"A sz&#337;l&#337;r&#337;l\" srcset=\"https:\/\/tudastar.productbroker.hu\/wp-content\/uploads\/2025\/06\/szolofajtak-768x512.webp 768w, https:\/\/tudastar.productbroker.hu\/wp-content\/uploads\/2025\/06\/szolofajtak-300x200.webp 300w, https:\/\/tudastar.productbroker.hu\/wp-content\/uploads\/2025\/06\/szolofajtak-1024x682.webp 1024w, https:\/\/tudastar.productbroker.hu\/wp-content\/uploads\/2025\/06\/szolofajtak.webp 1280w\" sizes=\"(max-width: 768px) 100vw, 768px\"\/><div class=\"upk-content-wrap\">\n\n\t\t\t\t\t<div class=\"upk-content\">\n\t\t\t\t\t\t\t\t\t\t\t\t<h3 class=\"upk-title\"><a href=\"https:\/\/tudastar.productbroker.hu\/hu\/a-szolorol\/\" title=\"A sz&#337;l&#337;r&#337;l\" class=\"title-animation-\" aria-label=\"A sz&#337;l&#337;r&#337;l\">A sz&#337;l&#337;r&#337;l<\/a><\/h3>\t\t\t\t\t<\/div>\n\n\t\t\t\t\t\t\t<div class=\"upk-button-wrap\">\n\t\t\t<a href=\"https:\/\/tudastar.productbroker.hu\/hu\/a-szolorol\/\" class=\"upk-readmore\" aria-label=\"Read More Button\">\n\t\t\t\t<span class=\"upk-readmore-icon\"><span><\/span><\/span>\n\t\t\t<\/a>\n\t\t<\/div>\n\t\n\t\t\t\t<\/div>\n\t\t\t<\/div>\n\t\t<\/div>\n\t\n\t\t\t\t\n\t\t\t\t\t\t\t<div class=\"upk-item\">\n\t\t\t<div class=\"upk-image-wrap\">\n\t\t\t\t<img loading=\"lazy\" decoding=\"async\" width=\"768\" height=\"512\" src=\"https:\/\/tudastar.productbroker.hu\/wp-content\/uploads\/2025\/03\/feherborszolo-768x512.webp\" class=\"upk-img\" alt=\"Feh&eacute;rborsz&#337;l&#337;-fajt&aacute;k\" srcset=\"https:\/\/tudastar.productbroker.hu\/wp-content\/uploads\/2025\/03\/feherborszolo-768x512.webp 768w, https:\/\/tudastar.productbroker.hu\/wp-content\/uploads\/2025\/03\/feherborszolo-300x200.webp 300w, https:\/\/tudastar.productbroker.hu\/wp-content\/uploads\/2025\/03\/feherborszolo-1024x683.webp 1024w, https:\/\/tudastar.productbroker.hu\/wp-content\/uploads\/2025\/03\/feherborszolo-1536x1024.webp 1536w, https:\/\/tudastar.productbroker.hu\/wp-content\/uploads\/2025\/03\/feherborszolo.webp 1920w\" sizes=\"(max-width: 768px) 100vw, 768px\"\/><div class=\"upk-content-wrap\">\n\n\t\t\t\t\t<div class=\"upk-content\">\n\t\t\t\t\t\t\t\t\t\t\t\t<h3 class=\"upk-title\"><a href=\"https:\/\/tudastar.productbroker.hu\/hu\/feherborszolo-fajtak\/\" title=\"Feh&eacute;rborsz&#337;l&#337;-fajt&aacute;k\" class=\"title-animation-\" aria-label=\"Feh&eacute;rborsz&#337;l&#337;-fajt&aacute;k\">Feh&eacute;rborsz&#337;l&#337;-fajt&aacute;k<\/a><\/h3>\t\t\t\t\t<\/div>\n\n\t\t\t\t\t\t\t<div class=\"upk-button-wrap\">\n\t\t\t<a href=\"https:\/\/tudastar.productbroker.hu\/hu\/feherborszolo-fajtak\/\" class=\"upk-readmore\" aria-label=\"Read More Button\">\n\t\t\t\t<span class=\"upk-readmore-icon\"><span><\/span><\/span>\n\t\t\t<\/a>\n\t\t<\/div>\n\t\n\t\t\t\t<\/div>\n\t\t\t<\/div>\n\t\t<\/div>\n\t\n\t\t\t\t\n\t\t\t\t\t\t\t<div class=\"upk-item\">\n\t\t\t<div class=\"upk-image-wrap\">\n\t\t\t\t<img loading=\"lazy\" decoding=\"async\" width=\"467\" height=\"576\" src=\"https:\/\/tudastar.productbroker.hu\/wp-content\/uploads\/2025\/03\/shiraz-szolofurt.webp\" class=\"upk-img\" alt=\"V&ouml;r&ouml;sborsz&#337;l&#337;-fajt&aacute;k\" srcset=\"https:\/\/tudastar.productbroker.hu\/wp-content\/uploads\/2025\/03\/shiraz-szolofurt.webp 467w, https:\/\/tudastar.productbroker.hu\/wp-content\/uploads\/2025\/03\/shiraz-szolofurt-243x300.webp 243w\" sizes=\"(max-width: 467px) 100vw, 467px\"\/><div class=\"upk-content-wrap\">\n\n\t\t\t\t\t<div class=\"upk-content\">\n\t\t\t\t\t\t\t\t\t\t\t\t<h3 class=\"upk-title\"><a href=\"https:\/\/tudastar.productbroker.hu\/hu\/vorosborszolo-fajtak\/\" title=\"V&ouml;r&ouml;sborsz&#337;l&#337;-fajt&aacute;k\" class=\"title-animation-\" aria-label=\"V&ouml;r&ouml;sborsz&#337;l&#337;-fajt&aacute;k\">V&ouml;r&ouml;sborsz&#337;l&#337;-fajt&aacute;k<\/a><\/h3>\t\t\t\t\t<\/div>\n\n\t\t\t\t\t\t\t<div class=\"upk-button-wrap\">\n\t\t\t<a href=\"https:\/\/tudastar.productbroker.hu\/hu\/vorosborszolo-fajtak\/\" class=\"upk-readmore\" aria-label=\"Read More Button\">\n\t\t\t\t<span class=\"upk-readmore-icon\"><span><\/span><\/span>\n\t\t\t<\/a>\n\t\t<\/div>\n\t\n\t\t\t\t<\/div>\n\t\t\t<\/div>\n\t\t<\/div>\n\t\n\t\t\t\t\n\t\t\t\t\t\t\t<div class=\"upk-item\">\n\t\t\t<div class=\"upk-image-wrap\">\n\t\t\t\t<img loading=\"lazy\" decoding=\"async\" width=\"768\" height=\"512\" src=\"https:\/\/tudastar.productbroker.hu\/wp-content\/uploads\/2023\/11\/productbridge-main-bcg-768x512.webp\" class=\"upk-img\" alt=\"Hazai bor&aacute;szatok &aacute;ltal&aacute;nos jellemz&#337;i\" srcset=\"https:\/\/tudastar.productbroker.hu\/wp-content\/uploads\/2023\/11\/productbridge-main-bcg-768x512.webp 768w, https:\/\/tudastar.productbroker.hu\/wp-content\/uploads\/2023\/11\/productbridge-main-bcg-300x200.webp 300w, https:\/\/tudastar.productbroker.hu\/wp-content\/uploads\/2023\/11\/productbridge-main-bcg-1024x683.webp 1024w, https:\/\/tudastar.productbroker.hu\/wp-content\/uploads\/2023\/11\/productbridge-main-bcg.webp 1500w\" sizes=\"(max-width: 768px) 100vw, 768px\"\/><div class=\"upk-content-wrap\">\n\n\t\t\t\t\t<div class=\"upk-content\">\n\t\t\t\t\t\t\t\t\t\t\t\t<h3 class=\"upk-title\"><a href=\"https:\/\/tudastar.productbroker.hu\/hu\/hazai-boraszatok-altalanos-jellemzoi\/\" title=\"Hazai bor&aacute;szatok &aacute;ltal&aacute;nos jellemz&#337;i\" class=\"title-animation-\" aria-label=\"Hazai bor&aacute;szatok &aacute;ltal&aacute;nos jellemz&#337;i\">Hazai bor&aacute;szatok &aacute;ltal&aacute;nos jellemz&#337;i<\/a><\/h3>\t\t\t\t\t<\/div>\n\n\t\t\t\t\t\t\t<div class=\"upk-button-wrap\">\n\t\t\t<a href=\"https:\/\/tudastar.productbroker.hu\/hu\/hazai-boraszatok-altalanos-jellemzoi\/\" class=\"upk-readmore\" aria-label=\"Read More Button\">\n\t\t\t\t<span class=\"upk-readmore-icon\"><span><\/span><\/span>\n\t\t\t<\/a>\n\t\t<\/div>\n\t\n\t\t\t\t<\/div>\n\t\t\t<\/div>\n\t\t<\/div>\n\t\n\t\t\t\t\n\t\t\t\t\t\t\t<div class=\"upk-item\">\n\t\t\t<div class=\"upk-image-wrap\">\n\t\t\t\t<img loading=\"lazy\" decoding=\"async\" width=\"768\" height=\"439\" src=\"https:\/\/tudastar.productbroker.hu\/wp-content\/uploads\/2022\/12\/mitol-olyan-a-bor-768x439.webp\" class=\"upk-img\" alt=\"Mit&#337;l olyan a bor, amit szeret&uuml;nk? (vagy nem)\" srcset=\"https:\/\/tudastar.productbroker.hu\/wp-content\/uploads\/2022\/12\/mitol-olyan-a-bor-768x439.webp 768w, https:\/\/tudastar.productbroker.hu\/wp-content\/uploads\/2022\/12\/mitol-olyan-a-bor-300x171.webp 300w, https:\/\/tudastar.productbroker.hu\/wp-content\/uploads\/2022\/12\/mitol-olyan-a-bor-1024x585.webp 1024w, https:\/\/tudastar.productbroker.hu\/wp-content\/uploads\/2022\/12\/mitol-olyan-a-bor-1536x878.webp 1536w, https:\/\/tudastar.productbroker.hu\/wp-content\/uploads\/2022\/12\/mitol-olyan-a-bor.webp 1920w\" sizes=\"(max-width: 768px) 100vw, 768px\"\/><div class=\"upk-content-wrap\">\n\n\t\t\t\t\t<div class=\"upk-content\">\n\t\t\t\t\t\t\t\t\t\t\t\t<h3 class=\"upk-title\"><a href=\"https:\/\/tudastar.productbroker.hu\/hu\/mitol-olyan-a-bor-amit-szeretunk-vagy-nem\/\" title=\"Mit&#337;l olyan a bor, amit szeret&uuml;nk? (vagy nem)\" class=\"title-animation-\" aria-label=\"Mit&#337;l olyan a bor, amit szeret&uuml;nk? (vagy nem)\">Mit&#337;l olyan a bor, amit szeret&uuml;nk? (vagy nem)<\/a><\/h3>\t\t\t\t\t<\/div>\n\n\t\t\t\t\t\t\t<div class=\"upk-button-wrap\">\n\t\t\t<a href=\"https:\/\/tudastar.productbroker.hu\/hu\/mitol-olyan-a-bor-amit-szeretunk-vagy-nem\/\" class=\"upk-readmore\" aria-label=\"Read More Button\">\n\t\t\t\t<span class=\"upk-readmore-icon\"><span><\/span><\/span>\n\t\t\t<\/a>\n\t\t<\/div>\n\t\n\t\t\t\t<\/div>\n\t\t\t<\/div>\n\t\t<\/div>\n\t\n\t\t\t\t\n\t\t\t\t\t\t\t<div class=\"upk-item\">\n\t\t\t<div class=\"upk-image-wrap\">\n\t\t\t\t<img loading=\"lazy\" decoding=\"async\" width=\"768\" height=\"512\" src=\"https:\/\/tudastar.productbroker.hu\/wp-content\/uploads\/2025\/03\/clipboard-mock-up-surrounded-by-wine-bottles02-768x512.jpg\" class=\"upk-img\" alt=\"Mindenhogyan j&oacute;? Sz&#337;l&#337;fajt&aacute;k helyes&iacute;r&aacute;sa, borfajt&aacute;k nevei\" srcset=\"https:\/\/tudastar.productbroker.hu\/wp-content\/uploads\/2025\/03\/clipboard-mock-up-surrounded-by-wine-bottles02-768x512.jpg 768w, https:\/\/tudastar.productbroker.hu\/wp-content\/uploads\/2025\/03\/clipboard-mock-up-surrounded-by-wine-bottles02-300x200.jpg 300w, https:\/\/tudastar.productbroker.hu\/wp-content\/uploads\/2025\/03\/clipboard-mock-up-surrounded-by-wine-bottles02-1024x683.jpg 1024w, https:\/\/tudastar.productbroker.hu\/wp-content\/uploads\/2025\/03\/clipboard-mock-up-surrounded-by-wine-bottles02-1536x1024.jpg 1536w, https:\/\/tudastar.productbroker.hu\/wp-content\/uploads\/2025\/03\/clipboard-mock-up-surrounded-by-wine-bottles02-2048x1366.jpg 2048w\" sizes=\"(max-width: 768px) 100vw, 768px\"\/><div class=\"upk-content-wrap\">\n\n\t\t\t\t\t<div class=\"upk-content\">\n\t\t\t\t\t\t\t\t\t\t\t\t<h3 class=\"upk-title\"><a href=\"https:\/\/tudastar.productbroker.hu\/hu\/mindenhogyan-jo-szolofajtak-helyesirasa-borfajtak-nevei\/\" title=\"Mindenhogyan j&oacute;? Sz&#337;l&#337;fajt&aacute;k helyes&iacute;r&aacute;sa, borfajt&aacute;k nevei\" class=\"title-animation-\" aria-label=\"Mindenhogyan j&oacute;? Sz&#337;l&#337;fajt&aacute;k helyes&iacute;r&aacute;sa, borfajt&aacute;k nevei\">Mindenhogyan j&oacute;? Sz&#337;l&#337;fajt&aacute;k helyes&iacute;r&aacute;sa, borfajt&aacute;k nevei<\/a><\/h3>\t\t\t\t\t<\/div>\n\n\t\t\t\t\t\t\t<div class=\"upk-button-wrap\">\n\t\t\t<a href=\"https:\/\/tudastar.productbroker.hu\/hu\/mindenhogyan-jo-szolofajtak-helyesirasa-borfajtak-nevei\/\" class=\"upk-readmore\" aria-label=\"Read More Button\">\n\t\t\t\t<span class=\"upk-readmore-icon\"><span><\/span><\/span>\n\t\t\t<\/a>\n\t\t<\/div>\n\t\n\t\t\t\t<\/div>\n\t\t\t<\/div>\n\t\t<\/div>\n\t\n\t\t\t\t\n\t\t\t<\/div>\n\t\t<\/div>\n\n\t\t\t\t\t\t<\/div>\n\t\t\t\t<\/div>\n\t\t\t\t\t<\/div>\n\t\t\t\t<\/div>\n\t\t\t\t<\/div>","protected":false},"excerpt":{"rendered":"<p>Ha keveset tud a borokr&oacute;l A sz&#337;l&eacute;szet, a bor&aacute;szat olyan szakm&aacute;k, amiket eredm&eacute;nyesen csak nagy elhivatotts&aacute;ggal, komoly hozz&aacute;&eacute;rt&eacute;ssel &eacute;s al&aacute;zattal lehet eredm&eacute;nyesen m&#369;velni. Ez a kis &ouml;sszefoglal&oacute; nem a szakma k&eacute;pvisel&#337;inek, hanem az &#337; munk&aacute;juk eredm&eacute;nyeit &eacute;lvez&#337; borfogyaszt&oacute;knak sz&oacute;l, esetenk&eacute;nt konyhanyelven &ouml;sszefoglalva p&aacute;r olyan tudnival&oacute;t, amikkel nem &aacute;rt, ha fogyaszt&oacute;i oldalon is tiszt&aacute;ban vagyunk. Sz&oacute;val [&hellip;]<\/p>","protected":false},"author":1,"featured_media":232,"parent":0,"menu_order":0,"comment_status":"closed","ping_status":"closed","template":"","meta":{"_seopress_robots_primary_cat":"","_seopress_titles_title":"%%post_title%%","_seopress_titles_desc":"Tudatos borv\u00e1s\u00e1rl\u00f3knak: sz\u0151l\u00e9szeti \u00e9s bor\u00e1szati alapok egyszer\u0171en, fogyaszt\u00f3i szinten. Fedezd fel a borok m\u00f6g\u00f6tt rejl\u0151 munk\u00e1t!","_seopress_robots_index":"","footnotes":""},"class_list":["post-13","page","type-page","status-publish","has-post-thumbnail","hentry"],"_links":{"self":[{"href":"https:\/\/tudastar.productbroker.hu\/hu\/wp-json\/wp\/v2\/pages\/13","targetHints":{"allow":["GET"]}}],"collection":[{"href":"https:\/\/tudastar.productbroker.hu\/hu\/wp-json\/wp\/v2\/pages"}],"about":[{"href":"https:\/\/tudastar.productbroker.hu\/hu\/wp-json\/wp\/v2\/types\/page"}],"author":[{"embeddable":true,"href":"https:\/\/tudastar.productbroker.hu\/hu\/wp-json\/wp\/v2\/users\/1"}],"replies":[{"embeddable":true,"href":"https:\/\/tudastar.productbroker.hu\/hu\/wp-json\/wp\/v2\/comments?post=13"}],"version-history":[{"count":20,"href":"https:\/\/tudastar.productbroker.hu\/hu\/wp-json\/wp\/v2\/pages\/13\/revisions"}],"predecessor-version":[{"id":1070,"href":"https:\/\/tudastar.productbroker.hu\/hu\/wp-json\/wp\/v2\/pages\/13\/revisions\/1070"}],"wp:featuredmedia":[{"embeddable":true,"href":"https:\/\/tudastar.productbroker.hu\/hu\/wp-json\/wp\/v2\/media\/232"}],"wp:attachment":[{"href":"https:\/\/tudastar.productbroker.hu\/hu\/wp-json\/wp\/v2\/media?parent=13"}],"curies":[{"name":"wp","href":"https:\/\/api.w.org\/{rel}","templated":true}]}}