{"id":533,"date":"2025-03-25T17:05:59","date_gmt":"2025-03-25T16:05:59","guid":{"rendered":"https:\/\/tudastar.productbroker.hu\/hu\/?page_id=533"},"modified":"2025-06-13T15:31:16","modified_gmt":"2025-06-13T13:31:16","slug":"2021-2117-eu-rendelet","status":"publish","type":"page","link":"https:\/\/tudastar.productbroker.hu\/hu\/2021-2117-eu-rendelet\/","title":{"rendered":"2021\/2117 EU rendelet"},"content":{"rendered":"<div data-elementor-type=\"wp-page\" data-elementor-id=\"533\" class=\"elementor elementor-533\" data-elementor-post-type=\"page\">\n\t\t\t\t<div class=\"elementor-element elementor-element-20aaebd e-con-full e-flex e-con e-parent\" data-id=\"20aaebd\" data-element_type=\"container\" data-e-type=\"container\">\n\t\t\t\t<div class=\"elementor-element elementor-element-f49ccad elementor-widget elementor-widget-shortcode\" data-id=\"f49ccad\" data-element_type=\"widget\" data-e-type=\"widget\" data-widget_type=\"shortcode.default\">\n\t\t\t\t<div class=\"elementor-widget-container\">\n\t\t\t\t\t\t\t<div class=\"elementor-shortcode\">\t\t<div data-elementor-type=\"section\" data-elementor-id=\"247\" class=\"elementor elementor-247\" data-elementor-post-type=\"elementor_library\">\n\t\t\t<div class=\"elementor-element elementor-element-4d1257a e-flex e-con-boxed e-con e-parent\" data-id=\"4d1257a\" data-element_type=\"container\" data-e-type=\"container\">\n\t\t\t\t\t<div class=\"e-con-inner\">\n\t\t\t\t\t<\/div>\n\t\t\t\t<\/div>\n\t\t\t\t<\/div>\n\t\t<\/div>\n\t\t\t\t\t\t<\/div>\n\t\t\t\t<\/div>\n\t\t\t\t<\/div>\n\t\t<div class=\"elementor-element elementor-element-4f1f47b e-flex e-con-boxed e-con e-parent\" data-id=\"4f1f47b\" data-element_type=\"container\" data-e-type=\"container\">\n\t\t\t\t\t<div class=\"e-con-inner\">\n\t\t\t\t<div class=\"elementor-element elementor-element-7c4e9b9 elementor-widget elementor-widget-text-editor\" data-id=\"7c4e9b9\" data-element_type=\"widget\" data-e-type=\"widget\" data-widget_type=\"text-editor.default\">\n\t\t\t\t<div class=\"elementor-widget-container\">\n\t\t\t\t\t\t\t\t\t<p>AZ EUR&Oacute;PAI PARLAMENT &Eacute;S A TAN&Aacute;CS (EU) 2021\/2117 RENDELETE (2021. december 2.) a mez&#337;gazdas&aacute;gi term&eacute;kpiacok k&ouml;z&ouml;s szervez&eacute;s&eacute;nek l&eacute;trehoz&aacute;s&aacute;r&oacute;l sz&oacute;l&oacute; 1308\/2013\/EU rendelet, a mez&#337;gazdas&aacute;gi term&eacute;kek &eacute;s az &eacute;lelmiszerek min&#337;s&eacute;grendszereir&#337;l sz&oacute;l&oacute; 1151\/2012\/EU rendelet, az &iacute;zes&iacute;tett bor&aacute;szati term&eacute;kek meghat&aacute;roz&aacute;s&aacute;r&oacute;l, megnevez&eacute;s&eacute;r&#337;l, kiszerel&eacute;s&eacute;r&#337;l, jel&ouml;l&eacute;s&eacute;r&#337;l &eacute;s f&ouml;ldrajzi &aacute;rujelz&#337;inek oltalm&aacute;r&oacute;l sz&oacute;l&oacute; 251\/2014\/EU rendelet &eacute;s az Uni&oacute; legk&uuml;ls&#337; r&eacute;gi&oacute;i r&eacute;sz&eacute;re egyedi mez&#337;gazdas&aacute;gi int&eacute;zked&eacute;sek meg&aacute;llap&iacute;t&aacute;s&aacute;r&oacute;l sz&oacute;l&oacute; 228\/2013\/EU rendelet m&oacute;dos&iacute;t&aacute;s&aacute;r&oacute;l.<\/p>\t\t\t\t\t\t\t\t<\/div>\n\t\t\t\t<\/div>\n\t\t\t\t<div class=\"elementor-element elementor-element-c076cc3 elementor-widget elementor-widget-text-editor\" data-id=\"c076cc3\" data-element_type=\"widget\" data-e-type=\"widget\" data-widget_type=\"text-editor.default\">\n\t\t\t\t<div class=\"elementor-widget-container\">\n\t\t\t\t\t\t\t\t\t<p>Ez a rendelet tartalmazza t&ouml;bbek k&ouml;z&ouml;tt a 2023. december 8-t&oacute;l alkalmazand&oacute; azon jel&ouml;l&eacute;si szab&aacute;lyokat is, amelyek alapj&aacute;n a bor&aacute;szati term&eacute;kek kiszerel&eacute;s&eacute;n jel&ouml;lni kell az energiatartalmat, a t&aacute;p&eacute;rt&eacute;ket, az &ouml;sszetev&#337;ket, illetve az &ouml;sszes allerg&eacute;n anyagot. Az adatokot bizonyos r&eacute;sz&eacute;t december 8. ut&aacute;n elektronikus &uacute;ton is lehet jel&ouml;lni. A bor&aacute;szati term&eacute;kek forgalomba hozatalakor nagy k&ouml;r&uuml;ltekint&eacute;ssel kell elj&aacute;rni a c&iacute;mke, illetve az <span class=\"glossaryLink\"  aria-describedby=\"tt\"  data-cmtooltip=\"cmtt_9710f9a2d7865c5321b13a9639a4506c\"  data-gt-translate-attributes='[{\"attribute\":\"data-cmtooltip\", \"format\":\"html\"}]'  tabindex='0' role='link'>e-c&iacute;mke<\/span> tervez&eacute;sekor, mert a nem megfelel&#337;en jel&ouml;lt term&eacute;keket ki fogj&aacute;k vonni a forgalomb&oacute;l.<\/p>\t\t\t\t\t\t\t\t<\/div>\n\t\t\t\t<\/div>\n\t\t\t\t<div class=\"elementor-element elementor-element-32f006b elementor-widget elementor-widget-text-editor\" data-id=\"32f006b\" data-element_type=\"widget\" data-e-type=\"widget\" data-widget_type=\"text-editor.default\">\n\t\t\t\t<div class=\"elementor-widget-container\">\n\t\t\t\t\t\t\t\t\tA r&eacute;szletes szab&aacute;lyoz&aacute;s <a href=\"http:\/\/qstsoftware.srvwebtst.seacon.hu\/wp-content\/uploads\/2023\/11\/2021-2117-EU-RENDELET.pdf\" target=\"_blank\" rel=\"noopener\">itt olvashat&oacute;<\/a>.\t\t\t\t\t\t\t\t<\/div>\n\t\t\t\t<\/div>\n\t\t\t\t\t<\/div>\n\t\t\t\t<\/div>\n\t\t<div class=\"elementor-element elementor-element-d8790c2 e-flex e-con-boxed e-con e-parent\" data-id=\"d8790c2\" data-element_type=\"container\" data-e-type=\"container\">\n\t\t\t\t\t<div class=\"e-con-inner\">\n\t\t\t\t<div class=\"elementor-element elementor-element-0aa0b6f elementor-widget elementor-widget-text-editor\" data-id=\"0aa0b6f\" data-element_type=\"widget\" data-e-type=\"widget\" data-widget_type=\"text-editor.default\">\n\t\t\t\t<div class=\"elementor-widget-container\">\n\t\t\t\t\t\t\t\t\t2023.11.24-&eacute;n megjelentette az Eur&oacute;pai Bizotts&aacute;g az &uacute;j jel&ouml;l&eacute;si szab&aacute;lyokhoz kapcsol&oacute;d&oacute; <a href=\"https:\/\/eur-lex.europa.eu\/legal-content\/HU\/TXT\/?uri=OJ:C_202301190\" target=\"_blank\" rel=\"noopener\">hivatalos jog&eacute;rtelmez&eacute;s<\/a>&eacute;t az EU valamennyi hivatalos nyelv&eacute;n.\t\t\t\t\t\t\t\t<\/div>\n\t\t\t\t<\/div>\n\t\t\t\t\t<\/div>\n\t\t\t\t<\/div>\n\t\t\t\t<\/div>","protected":false},"excerpt":{"rendered":"<p>AZ EUR&Oacute;PAI PARLAMENT &Eacute;S A TAN&Aacute;CS (EU) 2021\/2117 RENDELETE (2021. december 2.) a mez&#337;gazdas&aacute;gi term&eacute;kpiacok k&ouml;z&ouml;s szervez&eacute;s&eacute;nek l&eacute;trehoz&aacute;s&aacute;r&oacute;l sz&oacute;l&oacute; 1308\/2013\/EU rendelet, a mez&#337;gazdas&aacute;gi term&eacute;kek &eacute;s az &eacute;lelmiszerek min&#337;s&eacute;grendszereir&#337;l sz&oacute;l&oacute; 1151\/2012\/EU rendelet, az &iacute;zes&iacute;tett bor&aacute;szati term&eacute;kek meghat&aacute;roz&aacute;s&aacute;r&oacute;l, megnevez&eacute;s&eacute;r&#337;l, kiszerel&eacute;s&eacute;r&#337;l, jel&ouml;l&eacute;s&eacute;r&#337;l &eacute;s f&ouml;ldrajzi &aacute;rujelz&#337;inek oltalm&aacute;r&oacute;l sz&oacute;l&oacute; 251\/2014\/EU rendelet &eacute;s az Uni&oacute; legk&uuml;ls&#337; r&eacute;gi&oacute;i r&eacute;sz&eacute;re egyedi mez&#337;gazdas&aacute;gi int&eacute;zked&eacute;sek [&hellip;]<\/p>","protected":false},"author":1,"featured_media":232,"parent":0,"menu_order":0,"comment_status":"closed","ping_status":"closed","template":"","meta":{"_seopress_robots_primary_cat":"","_seopress_titles_title":"%%post_title%%","_seopress_titles_desc":"2021\/2117 EU rendelet: mez\u0151gazdas\u00e1gi term\u00e9kek, borok \u00e9s \u00f6sszetev\u0151k jel\u00f6l\u00e9s\u00e9t \u00e9s f\u00f6ldrajzi \u00e1rujelz\u0151k v\u00e9delm\u00e9nek szab\u00e1lyoz\u00e1sa.","_seopress_robots_index":"","footnotes":""},"class_list":["post-533","page","type-page","status-publish","has-post-thumbnail","hentry"],"_links":{"self":[{"href":"https:\/\/tudastar.productbroker.hu\/hu\/wp-json\/wp\/v2\/pages\/533","targetHints":{"allow":["GET"]}}],"collection":[{"href":"https:\/\/tudastar.productbroker.hu\/hu\/wp-json\/wp\/v2\/pages"}],"about":[{"href":"https:\/\/tudastar.productbroker.hu\/hu\/wp-json\/wp\/v2\/types\/page"}],"author":[{"embeddable":true,"href":"https:\/\/tudastar.productbroker.hu\/hu\/wp-json\/wp\/v2\/users\/1"}],"replies":[{"embeddable":true,"href":"https:\/\/tudastar.productbroker.hu\/hu\/wp-json\/wp\/v2\/comments?post=533"}],"version-history":[{"count":12,"href":"https:\/\/tudastar.productbroker.hu\/hu\/wp-json\/wp\/v2\/pages\/533\/revisions"}],"predecessor-version":[{"id":1673,"href":"https:\/\/tudastar.productbroker.hu\/hu\/wp-json\/wp\/v2\/pages\/533\/revisions\/1673"}],"wp:featuredmedia":[{"embeddable":true,"href":"https:\/\/tudastar.productbroker.hu\/hu\/wp-json\/wp\/v2\/media\/232"}],"wp:attachment":[{"href":"https:\/\/tudastar.productbroker.hu\/hu\/wp-json\/wp\/v2\/media?parent=533"}],"curies":[{"name":"wp","href":"https:\/\/api.w.org\/{rel}","templated":true}]}}