{"id":631,"date":"2025-03-25T19:50:29","date_gmt":"2025-03-25T18:50:29","guid":{"rendered":"https:\/\/tudastar.productbroker.hu\/hu\/glossary\/"},"modified":"2025-06-13T15:42:21","modified_gmt":"2025-06-13T13:42:21","slug":"glossary","status":"publish","type":"page","link":"https:\/\/tudastar.productbroker.hu\/hu\/glossary\/","title":{"rendered":"Fogalomt\u00e1r"},"content":{"rendered":"<div class=\"cm-glossary\"><div class=\"glossary-container \"><input type=\"hidden\" class=\"cmtt-attribute-field\" name=\"glossary_index_style\" value=\"classic\"><div id=\"glossaryList-nav\" class=\"listNav \" role=\"tablist\"><\/div><ul class=\"glossaryList\" role=\"tablist\" id=\"glossaryList\"  itemscope itemtype=\"https:\/\/schema.org\/DefinedTermSet\"><li class=\"\"  itemscope itemtype=\"https:\/\/schema.org\/DefinedTerm\" ><a href=\"https:\/\/tudastar.productbroker.hu\/hu\/glossary\/agens\/\"  target=\"_blank\"  role=\"term\" class=\"glossaryLink glossary-link-title \"   style=\"\"   itemprop=\"url\" ><span itemprop=\"name\">\u00c1gens<\/span><\/a><\/li><li class=\"\"  itemscope itemtype=\"https:\/\/schema.org\/DefinedTerm\" ><a href=\"https:\/\/tudastar.productbroker.hu\/hu\/glossary\/alkoholmentes-bor\/\"  target=\"_blank\"  role=\"term\" class=\"glossaryLink glossary-link-title \"   style=\"\"   itemprop=\"url\" ><span itemprop=\"name\">Alkoholmentes bor<\/span><\/a><\/li><li class=\"\"  itemscope itemtype=\"https:\/\/schema.org\/DefinedTerm\" ><a href=\"https:\/\/tudastar.productbroker.hu\/hu\/glossary\/antioxidans\/\"  target=\"_blank\"  role=\"term\" class=\"glossaryLink glossary-link-title \"   style=\"\"   itemprop=\"url\" ><span itemprop=\"name\">Antioxid\u00e1ns<\/span><\/a><\/li><li class=\"\"  itemscope itemtype=\"https:\/\/schema.org\/DefinedTerm\" ><a href=\"https:\/\/tudastar.productbroker.hu\/hu\/glossary\/barrik\/\"  target=\"_blank\"  role=\"term\" class=\"glossaryLink glossary-link-title \"   style=\"\"   itemprop=\"url\" ><span itemprop=\"name\">Barrik<\/span><\/a><\/li><li class=\"\"  itemscope itemtype=\"https:\/\/schema.org\/DefinedTerm\" ><a href=\"https:\/\/tudastar.productbroker.hu\/hu\/glossary\/battonage\/\"  target=\"_blank\"  role=\"term\" class=\"glossaryLink glossary-link-title \"   style=\"\"   itemprop=\"url\" ><span itemprop=\"name\">Battonage<\/span><\/a><\/li><li class=\"\"  itemscope itemtype=\"https:\/\/schema.org\/DefinedTerm\" ><a href=\"https:\/\/tudastar.productbroker.hu\/hu\/glossary\/biodinamikus-bor\/\"  target=\"_blank\"  role=\"term\" class=\"glossaryLink glossary-link-title \"   style=\"\"   itemprop=\"url\" ><span itemprop=\"name\">Biodinamikus bor<\/span><\/a><\/li><li class=\"\"  itemscope itemtype=\"https:\/\/schema.org\/DefinedTerm\" ><a href=\"https:\/\/tudastar.productbroker.hu\/hu\/glossary\/biogazdalkodas\/\"  target=\"_blank\"  role=\"term\" class=\"glossaryLink glossary-link-title \"   style=\"\"   itemprop=\"url\" ><span itemprop=\"name\">Biogazd\u00e1lkod\u00e1s<\/span><\/a><\/li><li class=\"\"  itemscope itemtype=\"https:\/\/schema.org\/DefinedTerm\" ><a href=\"https:\/\/tudastar.productbroker.hu\/hu\/glossary\/bogyozas\/\"  target=\"_blank\"  role=\"term\" class=\"glossaryLink glossary-link-title \"   style=\"\"   itemprop=\"url\" ><span itemprop=\"name\">Bogy\u00f3z\u00e1s<\/span><\/a><\/li><li class=\"\"  itemscope itemtype=\"https:\/\/schema.org\/DefinedTerm\" ><a href=\"https:\/\/tudastar.productbroker.hu\/hu\/glossary\/csersav\/\"  target=\"_blank\"  role=\"term\" class=\"glossaryLink glossary-link-title \"   style=\"\"   itemprop=\"url\" ><span itemprop=\"name\">Csersav<\/span><\/a><\/li><li class=\"\"  itemscope itemtype=\"https:\/\/schema.org\/DefinedTerm\" ><a href=\"https:\/\/tudastar.productbroker.hu\/hu\/glossary\/csomoszoles\/\"  target=\"_blank\"  role=\"term\" class=\"glossaryLink glossary-link-title \"   style=\"\"   itemprop=\"url\" ><span itemprop=\"name\">Cs\u00f6m\u00f6sz\u00f6l\u00e9s<\/span><\/a><\/li><li class=\"\"  itemscope itemtype=\"https:\/\/schema.org\/DefinedTerm\" ><a href=\"https:\/\/tudastar.productbroker.hu\/hu\/glossary\/csrd\/\"  target=\"_blank\"  role=\"term\" class=\"glossaryLink glossary-link-title \"   style=\"\"   itemprop=\"url\" ><span itemprop=\"name\">CSRD<\/span><\/a><\/li><li class=\"\"  itemscope itemtype=\"https:\/\/schema.org\/DefinedTerm\" ><a href=\"https:\/\/tudastar.productbroker.hu\/hu\/glossary\/derites\/\"  target=\"_blank\"  role=\"term\" class=\"glossaryLink glossary-link-title \"   style=\"\"   itemprop=\"url\" ><span itemprop=\"name\">Der\u00edt\u00e9s<\/span><\/a><\/li><li class=\"\"  itemscope itemtype=\"https:\/\/schema.org\/DefinedTerm\" ><a href=\"https:\/\/tudastar.productbroker.hu\/hu\/glossary\/direkttermo-szolo\/\"  target=\"_blank\"  role=\"term\" class=\"glossaryLink glossary-link-title \"   style=\"\"   itemprop=\"url\" ><span itemprop=\"name\">Direktterm\u0151 sz\u0151l\u0151<\/span><\/a><\/li><li class=\"\"  itemscope itemtype=\"https:\/\/schema.org\/DefinedTerm\" ><a href=\"https:\/\/tudastar.productbroker.hu\/hu\/glossary\/drs\/\"  target=\"_blank\"  role=\"term\" class=\"glossaryLink glossary-link-title \"   style=\"\"   itemprop=\"url\" ><span itemprop=\"name\">DRS<\/span><\/a><\/li><li class=\"\"  itemscope itemtype=\"https:\/\/schema.org\/DefinedTerm\" ><a href=\"https:\/\/tudastar.productbroker.hu\/hu\/glossary\/e-cimke\/\"  target=\"_blank\"  role=\"term\" class=\"glossaryLink glossary-link-title \"   style=\"\"   itemprop=\"url\" ><span itemprop=\"name\">e-c\u00edmke<\/span><\/a><\/li><li class=\"\"  itemscope itemtype=\"https:\/\/schema.org\/DefinedTerm\" ><a href=\"https:\/\/tudastar.productbroker.hu\/hu\/glossary\/e-cimke-2021-2117-eu-rendelet\/\"  target=\"_blank\"  role=\"term\" class=\"glossaryLink glossary-link-title \"   style=\"\"   itemprop=\"url\" ><span itemprop=\"name\">e-c\u00edmke 2021\/2117. EU RENDELET<\/span><\/a><\/li><li class=\"\"  itemscope itemtype=\"https:\/\/schema.org\/DefinedTerm\" ><a href=\"https:\/\/tudastar.productbroker.hu\/hu\/glossary\/e-cimke-plusz\/\"  target=\"_blank\"  role=\"term\" class=\"glossaryLink glossary-link-title \"   style=\"\"   itemprop=\"url\" ><span itemprop=\"name\">e-c\u00edmke PLUSZ<\/span><\/a><\/li><li class=\"\"  itemscope itemtype=\"https:\/\/schema.org\/DefinedTerm\" ><a href=\"https:\/\/tudastar.productbroker.hu\/hu\/glossary\/epr\/\"  target=\"_blank\"  role=\"term\" class=\"glossaryLink glossary-link-title \"   style=\"\"   itemprop=\"url\" ><span itemprop=\"name\">EPR<\/span><\/a><\/li><li class=\"\"  itemscope itemtype=\"https:\/\/schema.org\/DefinedTerm\" ><a href=\"https:\/\/tudastar.productbroker.hu\/hu\/glossary\/erleles\/\"  target=\"_blank\"  role=\"term\" class=\"glossaryLink glossary-link-title \"   style=\"\"   itemprop=\"url\" ><span itemprop=\"name\">\u00c9rlel\u00e9s<\/span><\/a><\/li><li class=\"\"  itemscope itemtype=\"https:\/\/schema.org\/DefinedTerm\" ><a href=\"https:\/\/tudastar.productbroker.hu\/hu\/glossary\/erositett-bor\/\"  target=\"_blank\"  role=\"term\" class=\"glossaryLink glossary-link-title \"   style=\"\"   itemprop=\"url\" ><span itemprop=\"name\">Er\u0151s\u00edtett bor<\/span><\/a><\/li><li class=\"\"  itemscope itemtype=\"https:\/\/schema.org\/DefinedTerm\" ><a href=\"https:\/\/tudastar.productbroker.hu\/hu\/glossary\/esg\/\"  target=\"_blank\"  role=\"term\" class=\"glossaryLink glossary-link-title \"   style=\"\"   itemprop=\"url\" ><span itemprop=\"name\">ESG<\/span><\/a><\/li><li class=\"\"  itemscope itemtype=\"https:\/\/schema.org\/DefinedTerm\" ><a href=\"https:\/\/tudastar.productbroker.hu\/hu\/glossary\/esg-torveny\/\"  target=\"_blank\"  role=\"term\" class=\"glossaryLink glossary-link-title \"   style=\"\"   itemprop=\"url\" ><span itemprop=\"name\">ESG-t\u00f6rv\u00e9ny<\/span><\/a><\/li><li class=\"\"  itemscope itemtype=\"https:\/\/schema.org\/DefinedTerm\" ><a href=\"https:\/\/tudastar.productbroker.hu\/hu\/glossary\/estate-bottled\/\"  target=\"_blank\"  role=\"term\" class=\"glossaryLink glossary-link-title \"   style=\"\"   itemprop=\"url\" ><span itemprop=\"name\">Estate-bottled<\/span><\/a><\/li><li class=\"\"  itemscope itemtype=\"https:\/\/schema.org\/DefinedTerm\" ><a href=\"https:\/\/tudastar.productbroker.hu\/hu\/glossary\/etil-alkohol\/\"  target=\"_blank\"  role=\"term\" class=\"glossaryLink glossary-link-title \"   style=\"\"   itemprop=\"url\" ><span itemprop=\"name\">Etil-alkohol<\/span><\/a><\/li><li class=\"\"  itemscope itemtype=\"https:\/\/schema.org\/DefinedTerm\" ><a href=\"https:\/\/tudastar.productbroker.hu\/hu\/glossary\/fajhibrid\/\"  target=\"_blank\"  role=\"term\" class=\"glossaryLink glossary-link-title \"   style=\"\"   itemprop=\"url\" ><span itemprop=\"name\">Fajhibrid<\/span><\/a><\/li><li class=\"\"  itemscope itemtype=\"https:\/\/schema.org\/DefinedTerm\" ><a href=\"https:\/\/tudastar.productbroker.hu\/hu\/glossary\/filoxera\/\"  target=\"_blank\"  role=\"term\" class=\"glossaryLink glossary-link-title \"   style=\"\"   itemprop=\"url\" ><span itemprop=\"name\">Filox\u00e9ra<\/span><\/a><\/li><li class=\"\"  itemscope itemtype=\"https:\/\/schema.org\/DefinedTerm\" ><a href=\"https:\/\/tudastar.productbroker.hu\/hu\/glossary\/fmcg\/\"  target=\"_blank\"  role=\"term\" class=\"glossaryLink glossary-link-title \"   style=\"\"   itemprop=\"url\" ><span itemprop=\"name\">FMCG<\/span><\/a><\/li><li class=\"\"  itemscope itemtype=\"https:\/\/schema.org\/DefinedTerm\" ><a href=\"https:\/\/tudastar.productbroker.hu\/hu\/glossary\/fuxli\/\"  target=\"_blank\"  role=\"term\" class=\"glossaryLink glossary-link-title \"   style=\"\"   itemprop=\"url\" ><span itemprop=\"name\">Fuxli<\/span><\/a><\/li><li class=\"\"  itemscope itemtype=\"https:\/\/schema.org\/DefinedTerm\" ><a href=\"https:\/\/tudastar.productbroker.hu\/hu\/glossary\/greenwashing\/\"  target=\"_blank\"  role=\"term\" class=\"glossaryLink glossary-link-title \"   style=\"\"   itemprop=\"url\" ><span itemprop=\"name\">Greenwashing<\/span><\/a><\/li><li class=\"\"  itemscope itemtype=\"https:\/\/schema.org\/DefinedTerm\" ><a href=\"https:\/\/tudastar.productbroker.hu\/hu\/glossary\/hegykozsegek-nemzeti-tanacsa\/\"  target=\"_blank\"  role=\"term\" class=\"glossaryLink glossary-link-title \"   style=\"\"   itemprop=\"url\" ><span itemprop=\"name\">Hegyk\u00f6zs\u00e9gek Nemzeti Tan\u00e1csa<\/span><\/a><\/li><li class=\"\"  itemscope itemtype=\"https:\/\/schema.org\/DefinedTerm\" ><a href=\"https:\/\/tudastar.productbroker.hu\/hu\/glossary\/hnt\/\"  target=\"_blank\"  role=\"term\" class=\"glossaryLink glossary-link-title \"   style=\"\"   itemprop=\"url\" ><span itemprop=\"name\">HNT<\/span><\/a><\/li><li class=\"\"  itemscope itemtype=\"https:\/\/schema.org\/DefinedTerm\" ><a href=\"https:\/\/tudastar.productbroker.hu\/hu\/glossary\/korforgasos-vagy-korkoros-gazdasag\/\"  target=\"_blank\"  role=\"term\" class=\"glossaryLink glossary-link-title \"   style=\"\"   itemprop=\"url\" ><span itemprop=\"name\">K\u00f6rforg\u00e1sos vagy k\u00f6rk\u00f6r\u00f6s gazdas\u00e1g<\/span><\/a><\/li><li class=\"\"  itemscope itemtype=\"https:\/\/schema.org\/DefinedTerm\" ><a href=\"https:\/\/tudastar.productbroker.hu\/hu\/glossary\/linearis-gazdasagi-modell\/\"  target=\"_blank\"  role=\"term\" class=\"glossaryLink glossary-link-title \"   style=\"\"   itemprop=\"url\" ><span itemprop=\"name\">Line\u00e1ris gazdas\u00e1gi modell<\/span><\/a><\/li><li class=\"\"  itemscope itemtype=\"https:\/\/schema.org\/DefinedTerm\" ><a href=\"https:\/\/tudastar.productbroker.hu\/hu\/glossary\/lot\/\"  target=\"_blank\"  role=\"term\" class=\"glossaryLink glossary-link-title \"   style=\"\"   itemprop=\"url\" ><span itemprop=\"name\">LOT<\/span><\/a><\/li><li class=\"\"  itemscope itemtype=\"https:\/\/schema.org\/DefinedTerm\" ><a href=\"https:\/\/tudastar.productbroker.hu\/hu\/glossary\/maceracio\/\"  target=\"_blank\"  role=\"term\" class=\"glossaryLink glossary-link-title \"   style=\"\"   itemprop=\"url\" ><span itemprop=\"name\">Macer\u00e1ci\u00f3<\/span><\/a><\/li><li class=\"\"  itemscope itemtype=\"https:\/\/schema.org\/DefinedTerm\" ><a href=\"https:\/\/tudastar.productbroker.hu\/hu\/glossary\/madeira\/\"  target=\"_blank\"  role=\"term\" class=\"glossaryLink glossary-link-title \"   style=\"\"   itemprop=\"url\" ><span itemprop=\"name\">Madeira<\/span><\/a><\/li><li class=\"\"  itemscope itemtype=\"https:\/\/schema.org\/DefinedTerm\" ><a href=\"https:\/\/tudastar.productbroker.hu\/hu\/glossary\/marsala\/\"  target=\"_blank\"  role=\"term\" class=\"glossaryLink glossary-link-title \"   style=\"\"   itemprop=\"url\" ><span itemprop=\"name\">Marsala<\/span><\/a><\/li><li class=\"\"  itemscope itemtype=\"https:\/\/schema.org\/DefinedTerm\" ><a href=\"https:\/\/tudastar.productbroker.hu\/hu\/glossary\/metil-alkohol\/\"  target=\"_blank\"  role=\"term\" class=\"glossaryLink glossary-link-title \"   style=\"\"   itemprop=\"url\" ><span itemprop=\"name\">Metil-alkohol<\/span><\/a><\/li><li class=\"\"  itemscope itemtype=\"https:\/\/schema.org\/DefinedTerm\" ><a href=\"https:\/\/tudastar.productbroker.hu\/hu\/glossary\/mohu\/\"  target=\"_blank\"  role=\"term\" class=\"glossaryLink glossary-link-title \"   style=\"\"   itemprop=\"url\" ><span itemprop=\"name\">MOHU<\/span><\/a><\/li><li class=\"\"  itemscope itemtype=\"https:\/\/schema.org\/DefinedTerm\" ><a href=\"https:\/\/tudastar.productbroker.hu\/hu\/glossary\/narancsbor\/\"  target=\"_blank\"  role=\"term\" class=\"glossaryLink glossary-link-title \"   style=\"\"   itemprop=\"url\" ><span itemprop=\"name\">Narancsbor<\/span><\/a><\/li><li class=\"\"  itemscope itemtype=\"https:\/\/schema.org\/DefinedTerm\" ><a href=\"https:\/\/tudastar.productbroker.hu\/hu\/glossary\/natur-bor\/\"  target=\"_blank\"  role=\"term\" class=\"glossaryLink glossary-link-title \"   style=\"\"   itemprop=\"url\" ><span itemprop=\"name\">Nat\u00far bor<\/span><\/a><\/li><li class=\"\"  itemscope itemtype=\"https:\/\/schema.org\/DefinedTerm\" ><a href=\"https:\/\/tudastar.productbroker.hu\/hu\/glossary\/nemeth-marton\/\"  target=\"_blank\"  role=\"term\" class=\"glossaryLink glossary-link-title \"   style=\"\"   itemprop=\"url\" ><span itemprop=\"name\">N\u00e9meth M\u00e1rton<\/span><\/a><\/li><li class=\"\"  itemscope itemtype=\"https:\/\/schema.org\/DefinedTerm\" ><a href=\"https:\/\/tudastar.productbroker.hu\/hu\/glossary\/nodusz\/\"  target=\"_blank\"  role=\"term\" class=\"glossaryLink glossary-link-title \"   style=\"\"   itemprop=\"url\" ><span itemprop=\"name\">N\u00f3dusz<\/span><\/a><\/li><li class=\"\"  itemscope itemtype=\"https:\/\/schema.org\/DefinedTerm\" ><a href=\"https:\/\/tudastar.productbroker.hu\/hu\/glossary\/organikus-gazdalkodas\/\"  target=\"_blank\"  role=\"term\" class=\"glossaryLink glossary-link-title \"   style=\"\"   itemprop=\"url\" ><span itemprop=\"name\">Organikus gazd\u00e1lkod\u00e1s<\/span><\/a><\/li><li class=\"\"  itemscope itemtype=\"https:\/\/schema.org\/DefinedTerm\" ><a href=\"https:\/\/tudastar.productbroker.hu\/hu\/glossary\/okologiai-gazdalkodas\/\"  target=\"_blank\"  role=\"term\" class=\"glossaryLink glossary-link-title \"   style=\"\"   itemprop=\"url\" ><span itemprop=\"name\">\u00d6kol\u00f3giai gazd\u00e1lkod\u00e1s<\/span><\/a><\/li><li class=\"\"  itemscope itemtype=\"https:\/\/schema.org\/DefinedTerm\" ><a href=\"https:\/\/tudastar.productbroker.hu\/hu\/glossary\/palackozas\/\"  target=\"_blank\"  role=\"term\" class=\"glossaryLink glossary-link-title \"   style=\"\"   itemprop=\"url\" ><span itemprop=\"name\">Palackoz\u00e1s<\/span><\/a><\/li><li class=\"\"  itemscope itemtype=\"https:\/\/schema.org\/DefinedTerm\" ><a href=\"https:\/\/tudastar.productbroker.hu\/hu\/glossary\/peszticid\/\"  target=\"_blank\"  role=\"term\" class=\"glossaryLink glossary-link-title \"   style=\"\"   itemprop=\"url\" ><span itemprop=\"name\">Peszticid<\/span><\/a><\/li><li class=\"\"  itemscope itemtype=\"https:\/\/schema.org\/DefinedTerm\" ><a href=\"https:\/\/tudastar.productbroker.hu\/hu\/glossary\/polifenol\/\"  target=\"_blank\"  role=\"term\" class=\"glossaryLink glossary-link-title \"   style=\"\"   itemprop=\"url\" ><span itemprop=\"name\">Polifenol<\/span><\/a><\/li><li class=\"\"  itemscope itemtype=\"https:\/\/schema.org\/DefinedTerm\" ><a href=\"https:\/\/tudastar.productbroker.hu\/hu\/glossary\/preseles\/\"  target=\"_blank\"  role=\"term\" class=\"glossaryLink glossary-link-title \"   style=\"\"   itemprop=\"url\" ><span itemprop=\"name\">Pr\u00e9sel\u00e9s<\/span><\/a><\/li><li class=\"\"  itemscope itemtype=\"https:\/\/schema.org\/DefinedTerm\" ><a href=\"https:\/\/tudastar.productbroker.hu\/hu\/glossary\/product-broker\/\"  target=\"_blank\"  role=\"term\" class=\"glossaryLink glossary-link-title \"   style=\"\"   itemprop=\"url\" ><span itemprop=\"name\">Product Broker<\/span><\/a><\/li><li class=\"\"  itemscope itemtype=\"https:\/\/schema.org\/DefinedTerm\" ><a href=\"https:\/\/tudastar.productbroker.hu\/hu\/glossary\/rotundone\/\"  target=\"_blank\"  role=\"term\" class=\"glossaryLink glossary-link-title \"   style=\"\"   itemprop=\"url\" ><span itemprop=\"name\">Rotundone<\/span><\/a><\/li><li class=\"\"  itemscope itemtype=\"https:\/\/schema.org\/DefinedTerm\" ><a href=\"https:\/\/tudastar.productbroker.hu\/hu\/glossary\/sajat-markas-termek\/\"  target=\"_blank\"  role=\"term\" class=\"glossaryLink glossary-link-title \"   style=\"\"   itemprop=\"url\" ><span itemprop=\"name\">Saj\u00e1t m\u00e1rk\u00e1s term\u00e9k<\/span><\/a><\/li><li class=\"\"  itemscope itemtype=\"https:\/\/schema.org\/DefinedTerm\" ><a href=\"https:\/\/tudastar.productbroker.hu\/hu\/glossary\/sarzs\/\"  target=\"_blank\"  role=\"term\" class=\"glossaryLink glossary-link-title \"   style=\"\"   itemprop=\"url\" ><span itemprop=\"name\">SARZS<\/span><\/a><\/li><li class=\"\"  itemscope itemtype=\"https:\/\/schema.org\/DefinedTerm\" ><a href=\"https:\/\/tudastar.productbroker.hu\/hu\/glossary\/sepro\/\"  target=\"_blank\"  role=\"term\" class=\"glossaryLink glossary-link-title \"   style=\"\"   itemprop=\"url\" ><span itemprop=\"name\">Sepr\u0151<\/span><\/a><\/li><li class=\"\"  itemscope itemtype=\"https:\/\/schema.org\/DefinedTerm\" ><a href=\"https:\/\/tudastar.productbroker.hu\/hu\/glossary\/sherry\/\"  target=\"_blank\"  role=\"term\" class=\"glossaryLink glossary-link-title \"   style=\"\"   itemprop=\"url\" ><span itemprop=\"name\">Sherry<\/span><\/a><\/li><li class=\"\"  itemscope itemtype=\"https:\/\/schema.org\/DefinedTerm\" ><a href=\"https:\/\/tudastar.productbroker.hu\/hu\/glossary\/siller\/\"  target=\"_blank\"  role=\"term\" class=\"glossaryLink glossary-link-title \"   style=\"\"   itemprop=\"url\" ><span itemprop=\"name\">Siller<\/span><\/a><\/li><li class=\"\"  itemscope itemtype=\"https:\/\/schema.org\/DefinedTerm\" ><a href=\"https:\/\/tudastar.productbroker.hu\/hu\/glossary\/szeszkviterpen\/\"  target=\"_blank\"  role=\"term\" class=\"glossaryLink glossary-link-title \"   style=\"\"   itemprop=\"url\" ><span itemprop=\"name\">Szeszkviterp\u00e9n<\/span><\/a><\/li><li class=\"\"  itemscope itemtype=\"https:\/\/schema.org\/DefinedTerm\" ><a href=\"https:\/\/tudastar.productbroker.hu\/hu\/glossary\/szures\/\"  target=\"_blank\"  role=\"term\" class=\"glossaryLink glossary-link-title \"   style=\"\"   itemprop=\"url\" ><span itemprop=\"name\">Sz\u0171r\u00e9s<\/span><\/a><\/li><li class=\"\"  itemscope itemtype=\"https:\/\/schema.org\/DefinedTerm\" ><a href=\"https:\/\/tudastar.productbroker.hu\/hu\/glossary\/termekvisszahivas\/\"  target=\"_blank\"  role=\"term\" class=\"glossaryLink glossary-link-title \"   style=\"\"   itemprop=\"url\" ><span itemprop=\"name\">Term\u00e9kvisszah\u00edv\u00e1s<\/span><\/a><\/li><li class=\"\"  itemscope itemtype=\"https:\/\/schema.org\/DefinedTerm\" ><a href=\"https:\/\/tudastar.productbroker.hu\/hu\/glossary\/torkoly\/\"  target=\"_blank\"  role=\"term\" class=\"glossaryLink glossary-link-title \"   style=\"\"   itemprop=\"url\" ><span itemprop=\"name\">T\u00f6rk\u00f6ly<\/span><\/a><\/li><li class=\"\"  itemscope itemtype=\"https:\/\/schema.org\/DefinedTerm\" ><a href=\"https:\/\/tudastar.productbroker.hu\/hu\/glossary\/torkolykalap\/\"  target=\"_blank\"  role=\"term\" class=\"glossaryLink glossary-link-title \"   style=\"\"   itemprop=\"url\" ><span itemprop=\"name\">T\u00f6rk\u00f6lykalap<\/span><\/a><\/li><li class=\"\"  itemscope itemtype=\"https:\/\/schema.org\/DefinedTerm\" ><a href=\"https:\/\/tudastar.productbroker.hu\/hu\/glossary\/vegetarianizmus\/\"  target=\"_blank\"  role=\"term\" class=\"glossaryLink glossary-link-title \"   style=\"\"   itemprop=\"url\" ><span itemprop=\"name\">Veget\u00e1ri\u00e1nizmus<\/span><\/a><\/li><li class=\"\"  itemscope itemtype=\"https:\/\/schema.org\/DefinedTerm\" ><a href=\"https:\/\/tudastar.productbroker.hu\/hu\/glossary\/vinifikacio\/\"  target=\"_blank\"  role=\"term\" class=\"glossaryLink glossary-link-title \"   style=\"\"   itemprop=\"url\" ><span itemprop=\"name\">Vinifik\u00e1ci\u00f3<\/span><\/a><\/li><li class=\"\"  itemscope itemtype=\"https:\/\/schema.org\/DefinedTerm\" ><a href=\"https:\/\/tudastar.productbroker.hu\/hu\/glossary\/wine-broker\/\"  target=\"_blank\"  role=\"term\" class=\"glossaryLink glossary-link-title \"   style=\"\"   itemprop=\"url\" ><span itemprop=\"name\">Wine Broker<\/span><\/a><\/li><li class=\"\"  itemscope itemtype=\"https:\/\/schema.org\/DefinedTerm\" ><a href=\"https:\/\/tudastar.productbroker.hu\/hu\/glossary\/zold-atallas\/\"  target=\"_blank\"  role=\"term\" class=\"glossaryLink glossary-link-title \"   style=\"\"   itemprop=\"url\" ><span itemprop=\"name\">Z\u00f6ld \u00e1t\u00e1ll\u00e1s<\/span><\/a><\/li><li class=\"\"  itemscope itemtype=\"https:\/\/schema.org\/DefinedTerm\" ><a href=\"https:\/\/tudastar.productbroker.hu\/hu\/glossary\/zuzas\/\"  target=\"_blank\"  role=\"term\" class=\"glossaryLink glossary-link-title \"   style=\"\"   itemprop=\"url\" ><span itemprop=\"name\">Z\u00faz\u00e1s<\/span><\/a><\/li><\/ul><\/div><\/div>\n","protected":false},"excerpt":{"rendered":"","protected":false},"author":1,"featured_media":232,"parent":0,"menu_order":0,"comment_status":"closed","ping_status":"closed","template":"","meta":{"_seopress_robots_primary_cat":"","_seopress_titles_title":"%%post_title%%","_seopress_titles_desc":"Product Broker fogalomt\u00e1r \u2013 szakmai kifejez\u00e9sek gy\u0171jtem\u00e9nye \u00e9s defin\u00edci\u00f3ja.","_seopress_robots_index":"","footnotes":""},"class_list":["post-631","page","type-page","status-publish","has-post-thumbnail","hentry"],"_links":{"self":[{"href":"https:\/\/tudastar.productbroker.hu\/hu\/wp-json\/wp\/v2\/pages\/631","targetHints":{"allow":["GET"]}}],"collection":[{"href":"https:\/\/tudastar.productbroker.hu\/hu\/wp-json\/wp\/v2\/pages"}],"about":[{"href":"https:\/\/tudastar.productbroker.hu\/hu\/wp-json\/wp\/v2\/types\/page"}],"author":[{"embeddable":true,"href":"https:\/\/tudastar.productbroker.hu\/hu\/wp-json\/wp\/v2\/users\/1"}],"replies":[{"embeddable":true,"href":"https:\/\/tudastar.productbroker.hu\/hu\/wp-json\/wp\/v2\/comments?post=631"}],"version-history":[{"count":1,"href":"https:\/\/tudastar.productbroker.hu\/hu\/wp-json\/wp\/v2\/pages\/631\/revisions"}],"predecessor-version":[{"id":1674,"href":"https:\/\/tudastar.productbroker.hu\/hu\/wp-json\/wp\/v2\/pages\/631\/revisions\/1674"}],"wp:featuredmedia":[{"embeddable":true,"href":"https:\/\/tudastar.productbroker.hu\/hu\/wp-json\/wp\/v2\/media\/232"}],"wp:attachment":[{"href":"https:\/\/tudastar.productbroker.hu\/hu\/wp-json\/wp\/v2\/media?parent=631"}],"curies":[{"name":"wp","href":"https:\/\/api.w.org\/{rel}","templated":true}]}}